{"id":42178,"date":"2025-07-23T08:28:44","date_gmt":"2025-07-23T06:28:44","guid":{"rendered":"https:\/\/manter.com\/nuestros-distribuidores\/"},"modified":"2026-01-15T14:02:03","modified_gmt":"2026-01-15T13:02:03","slug":"distribuidores","status":"publish","type":"page","link":"https:\/\/manter.com\/es\/distribuidores\/","title":{"rendered":"Nuestros distribuidores"},"content":{"rendered":"\t\t<div data-elementor-type=\"wp-page\" data-elementor-id=\"42178\" class=\"elementor elementor-42178 elementor-41654\" data-elementor-post-type=\"page\">\n\t\t\t\t\t\t<section class=\"elementor-section elementor-top-section elementor-element elementor-element-eb5a3c1 elementor-section-boxed elementor-section-height-default elementor-section-height-default\" data-id=\"eb5a3c1\" data-element_type=\"section\" data-e-type=\"section\">\n\t\t\t\t\t\t<div class=\"elementor-container elementor-column-gap-default\">\n\t\t\t\t\t<div class=\"elementor-column elementor-col-100 elementor-top-column elementor-element elementor-element-d92d117\" data-id=\"d92d117\" data-element_type=\"column\" data-e-type=\"column\">\n\t\t\t<div class=\"elementor-widget-wrap elementor-element-populated\">\n\t\t\t\t\t\t<div class=\"elementor-element elementor-element-f2ba496 elementor-widget elementor-widget-text-editor\" data-id=\"f2ba496\" data-element_type=\"widget\" data-e-type=\"widget\" data-widget_type=\"text-editor.default\">\n\t\t\t\t<div class=\"elementor-widget-container\">\n\t\t\t\t\t\t\t\t\t<p>Manter trabaja con una red global de socios comerciales y equipos de servicio con amplia experiencia. En m\u00e1s de 30 pa\u00edses, est\u00e1n preparados para asesorarle, ofrecerle soporte y garantizar un servicio fiable. A trav\u00e9s de esta p\u00e1gina, puede encontrar f\u00e1cilmente el distribuidor Manter m\u00e1s cercano.  <\/p>\t\t\t\t\t\t\t\t<\/div>\n\t\t\t\t<\/div>\n\t\t\t\t\t<\/div>\n\t\t<\/div>\n\t\t\t\t\t<\/div>\n\t\t<\/section>\n\t\t\t\t<section class=\"elementor-section elementor-top-section elementor-element elementor-element-895b179 elementor-section-boxed elementor-section-height-default elementor-section-height-default\" data-id=\"895b179\" data-element_type=\"section\" data-e-type=\"section\" data-settings=\"{&quot;background_background&quot;:&quot;classic&quot;}\">\n\t\t\t\t\t\t<div class=\"elementor-container elementor-column-gap-default\">\n\t\t\t\t\t<div class=\"elementor-column elementor-col-100 elementor-top-column elementor-element elementor-element-fbdc4d8\" data-id=\"fbdc4d8\" data-element_type=\"column\" data-e-type=\"column\">\n\t\t\t<div class=\"elementor-widget-wrap elementor-element-populated\">\n\t\t\t\t\t\t<div class=\"elementor-element elementor-element-874beb5 elementor-widget elementor-widget-html\" data-id=\"874beb5\" data-element_type=\"widget\" data-e-type=\"widget\" data-widget_type=\"html.default\">\n\t\t\t\t<div class=\"elementor-widget-container\">\n\t\t\t\t\t<iframe \r\n  class=\"rounded-map\" \r\n  src=\"https:\/\/www.google.com\/maps\/d\/u\/0\/embed?mid=1Tyr8flS7-yVsx82GJUrS3EMlqMsTiSY&ehbc=2E312F\" \r\n  width=\"1200\" \r\n  height=\"700\"><\/iframe><style>.rounded-map {\r\n    border-radius: 20px;\r\n    overflow: hidden;\r\n    border: none;\r\n    width: 100%; \/* makes it responsive *\/\r\n    height: 700px; \/* default height *\/\r\n  }\r\n\r\n  \/* Mobile view *\/\r\n  @media (max-width: 768px) {\r\n    .rounded-map {\r\n      height: 500px;\r\n    }\r\n  }\r\n<\/style>\t\t\t\t<\/div>\n\t\t\t\t<\/div>\n\t\t\t\t\t<\/div>\n\t\t<\/div>\n\t\t\t\t\t<\/div>\n\t\t<\/section>\n\t\t\t\t<section class=\"elementor-section elementor-top-section elementor-element elementor-element-44057aa elementor-section-boxed elementor-section-height-default elementor-section-height-default\" data-id=\"44057aa\" data-element_type=\"section\" data-e-type=\"section\" id=\"contact\" data-settings=\"{&quot;background_background&quot;:&quot;classic&quot;}\">\n\t\t\t\t\t\t<div class=\"elementor-container elementor-column-gap-default\">\n\t\t\t\t\t<div class=\"elementor-column elementor-col-50 elementor-top-column elementor-element elementor-element-64a63f5c\" data-id=\"64a63f5c\" data-element_type=\"column\" data-e-type=\"column\">\n\t\t\t<div class=\"elementor-widget-wrap elementor-element-populated\">\n\t\t\t\t\t\t<div class=\"elementor-element elementor-element-87d3825 elementor-widget elementor-widget-heading\" data-id=\"87d3825\" data-element_type=\"widget\" data-e-type=\"widget\" data-widget_type=\"heading.default\">\n\t\t\t\t<div class=\"elementor-widget-container\">\n\t\t\t\t\t<h2 class=\"elementor-heading-title elementor-size-default\">Concesionario<br>Manter<\/h2>\t\t\t\t<\/div>\n\t\t\t\t<\/div>\n\t\t\t\t<div class=\"elementor-element elementor-element-48d71b99 elementor-widget elementor-widget-heading\" data-id=\"48d71b99\" data-element_type=\"widget\" data-e-type=\"widget\" data-widget_type=\"heading.default\">\n\t\t\t\t<div class=\"elementor-widget-container\">\n\t\t\t\t\t<h4 class=\"elementor-heading-title elementor-size-default\">Aanvraagformulier<\/h4>\t\t\t\t<\/div>\n\t\t\t\t<\/div>\n\t\t\t\t\t<\/div>\n\t\t<\/div>\n\t\t\t\t<div class=\"elementor-column elementor-col-50 elementor-top-column elementor-element elementor-element-4e755ff6\" data-id=\"4e755ff6\" data-element_type=\"column\" data-e-type=\"column\">\n\t\t\t<div class=\"elementor-widget-wrap elementor-element-populated\">\n\t\t\t\t\t\t<div class=\"elementor-element elementor-element-32b9e5ef elementor-button-align-start elementor-mobile-button-align-stretch elementor-widget elementor-widget-global elementor-global-41252 elementor-global-17125 elementor-widget-form\" data-id=\"32b9e5ef\" data-element_type=\"widget\" data-e-type=\"widget\" data-settings=\"{&quot;step_next_label&quot;:&quot;Pr\\u00f3ximo&quot;,&quot;step_previous_label&quot;:&quot;Previo&quot;,&quot;button_width&quot;:&quot;100&quot;,&quot;step_type&quot;:&quot;number_text&quot;,&quot;step_icon_shape&quot;:&quot;circle&quot;}\" data-widget_type=\"form.default\">\n\t\t\t\t<div class=\"elementor-widget-container\">\n\t\t\t\t\t\t\t<form class=\"elementor-form\" method=\"post\" id=\"11\" name=\"Contacto\" aria-label=\"Contacto\">\n\t\t\t<input type=\"hidden\" name=\"post_id\" value=\"42178\"\/>\n\t\t\t<input type=\"hidden\" name=\"form_id\" value=\"32b9e5ef\"\/>\n\t\t\t<input type=\"hidden\" name=\"referer_title\" value=\"Manter\" \/>\n\n\t\t\t\n\t\t\t<div class=\"elementor-form-fields-wrapper elementor-labels-\">\n\t\t\t\t\t\t\t\t<div class=\"elementor-field-type-text elementor-field-group elementor-column elementor-field-group-name elementor-col-50 elementor-field-required\">\n\t\t\t\t\t\t\t\t\t\t\t\t<label for=\"form-field-name\" class=\"elementor-field-label elementor-screen-only\">\n\t\t\t\t\t\t\t\tfirst_name\t\t\t\t\t\t\t<\/label>\n\t\t\t\t\t\t\t\t\t\t\t\t\t\t<input size=\"1\" type=\"text\" name=\"form_fields[name]\" id=\"form-field-name\" class=\"elementor-field elementor-size-sm  elementor-field-textual\" placeholder=\"Nombre de pila*\" required=\"required\">\n\t\t\t\t\t\t\t\t\t\t\t<\/div>\n\t\t\t\t\t\t\t\t<div class=\"elementor-field-type-text elementor-field-group elementor-column elementor-field-group-field_449f02f elementor-col-50 elementor-field-required\">\n\t\t\t\t\t\t\t\t\t\t\t\t<label for=\"form-field-field_449f02f\" class=\"elementor-field-label elementor-screen-only\">\n\t\t\t\t\t\t\t\tlast_name\t\t\t\t\t\t\t<\/label>\n\t\t\t\t\t\t\t\t\t\t\t\t\t\t<input size=\"1\" type=\"text\" name=\"form_fields[field_449f02f]\" id=\"form-field-field_449f02f\" class=\"elementor-field elementor-size-sm  elementor-field-textual\" placeholder=\"Apellido*\" required=\"required\">\n\t\t\t\t\t\t\t\t\t\t\t<\/div>\n\t\t\t\t\t\t\t\t<div class=\"elementor-field-type-text elementor-field-group elementor-column elementor-field-group-field_649e2ff elementor-col-50\">\n\t\t\t\t\t\t\t\t\t\t\t\t<label for=\"form-field-field_649e2ff\" class=\"elementor-field-label elementor-screen-only\">\n\t\t\t\t\t\t\t\tphone\t\t\t\t\t\t\t<\/label>\n\t\t\t\t\t\t\t\t\t\t\t\t\t\t<input size=\"1\" type=\"text\" name=\"form_fields[field_649e2ff]\" id=\"form-field-field_649e2ff\" class=\"elementor-field elementor-size-sm  elementor-field-textual\" placeholder=\"Tel\u00e9fono\">\n\t\t\t\t\t\t\t\t\t\t\t<\/div>\n\t\t\t\t\t\t\t\t<div class=\"elementor-field-type-email elementor-field-group elementor-column elementor-field-group-email elementor-col-50 elementor-field-required\">\n\t\t\t\t\t\t\t\t\t\t\t\t<label for=\"form-field-email\" class=\"elementor-field-label elementor-screen-only\">\n\t\t\t\t\t\t\t\temail\t\t\t\t\t\t\t<\/label>\n\t\t\t\t\t\t\t\t\t\t\t\t\t\t<input size=\"1\" type=\"email\" name=\"form_fields[email]\" id=\"form-field-email\" class=\"elementor-field elementor-size-sm  elementor-field-textual\" placeholder=\"Correo electr\u00f3nico*\" required=\"required\">\n\t\t\t\t\t\t\t\t\t\t\t<\/div>\n\t\t\t\t\t\t\t\t<div class=\"elementor-field-type-text elementor-field-group elementor-column elementor-field-group-field_9c5026d elementor-col-50 elementor-field-required\">\n\t\t\t\t\t\t\t\t\t\t\t\t<label for=\"form-field-field_9c5026d\" class=\"elementor-field-label elementor-screen-only\">\n\t\t\t\t\t\t\t\tcompany\t\t\t\t\t\t\t<\/label>\n\t\t\t\t\t\t\t\t\t\t\t\t\t\t<input size=\"1\" type=\"text\" name=\"form_fields[field_9c5026d]\" id=\"form-field-field_9c5026d\" class=\"elementor-field elementor-size-sm  elementor-field-textual\" placeholder=\"Compa\u00f1\u00eda*\" required=\"required\">\n\t\t\t\t\t\t\t\t\t\t\t<\/div>\n\t\t\t\t\t\t\t\t<div class=\"elementor-field-type-text elementor-field-group elementor-column elementor-field-group-field_ddf1b61 elementor-col-50\">\n\t\t\t\t\t\t\t\t\t\t\t\t<label for=\"form-field-field_ddf1b61\" class=\"elementor-field-label elementor-screen-only\">\n\t\t\t\t\t\t\t\taddress\t\t\t\t\t\t\t<\/label>\n\t\t\t\t\t\t\t\t\t\t\t\t\t\t<input size=\"1\" type=\"text\" name=\"form_fields[field_ddf1b61]\" id=\"form-field-field_ddf1b61\" class=\"elementor-field elementor-size-sm  elementor-field-textual\" placeholder=\"Direcci\u00f3n\">\n\t\t\t\t\t\t\t\t\t\t\t<\/div>\n\t\t\t\t\t\t\t\t<div class=\"elementor-field-type-text elementor-field-group elementor-column elementor-field-group-field_b46c4e1 elementor-col-50\">\n\t\t\t\t\t\t\t\t\t\t\t\t<label for=\"form-field-field_b46c4e1\" class=\"elementor-field-label elementor-screen-only\">\n\t\t\t\t\t\t\t\tcity\t\t\t\t\t\t\t<\/label>\n\t\t\t\t\t\t\t\t\t\t\t\t\t\t<input size=\"1\" type=\"text\" name=\"form_fields[field_b46c4e1]\" id=\"form-field-field_b46c4e1\" class=\"elementor-field elementor-size-sm  elementor-field-textual\" placeholder=\"Localidad\">\n\t\t\t\t\t\t\t\t\t\t\t<\/div>\n\t\t\t\t\t\t\t\t<div class=\"elementor-field-type-text elementor-field-group elementor-column elementor-field-group-field_4a28bfc elementor-col-50\">\n\t\t\t\t\t\t\t\t\t\t\t\t<label for=\"form-field-field_4a28bfc\" class=\"elementor-field-label elementor-screen-only\">\n\t\t\t\t\t\t\t\tpostal_code\t\t\t\t\t\t\t<\/label>\n\t\t\t\t\t\t\t\t\t\t\t\t\t\t<input size=\"1\" type=\"text\" name=\"form_fields[field_4a28bfc]\" id=\"form-field-field_4a28bfc\" class=\"elementor-field elementor-size-sm  elementor-field-textual\" placeholder=\"C\u00f3digo postal\">\n\t\t\t\t\t\t\t\t\t\t\t<\/div>\n\t\t\t\t\t\t\t\t<div class=\"elementor-field-type-text elementor-field-group elementor-column elementor-field-group-field_fca3497 elementor-col-100 elementor-field-required\">\n\t\t\t\t\t\t\t\t\t\t\t\t<label for=\"form-field-field_fca3497\" class=\"elementor-field-label elementor-screen-only\">\n\t\t\t\t\t\t\t\tPa\u00eds\t\t\t\t\t\t\t<\/label>\n\t\t\t\t\t\t\t\t\t\t\t\t\t\t<input size=\"1\" type=\"text\" name=\"form_fields[field_fca3497]\" id=\"form-field-field_fca3497\" class=\"elementor-field elementor-size-sm  elementor-field-textual\" placeholder=\"Pa\u00eds*\" required=\"required\">\n\t\t\t\t\t\t\t\t\t\t\t<\/div>\n\t\t\t\t\t\t\t\t<div class=\"elementor-field-type-text elementor-field-group elementor-column elementor-field-group-field_b28bb13 elementor-col-100\">\n\t\t\t\t\t\t\t\t\t\t\t\t<label for=\"form-field-field_b28bb13\" class=\"elementor-field-label elementor-screen-only\">\n\t\t\t\t\t\t\t\tsubject\t\t\t\t\t\t\t<\/label>\n\t\t\t\t\t\t\t\t\t\t\t\t\t\t<input size=\"1\" type=\"text\" name=\"form_fields[field_b28bb13]\" id=\"form-field-field_b28bb13\" class=\"elementor-field elementor-size-sm  elementor-field-textual\" placeholder=\"Sujeto\">\n\t\t\t\t\t\t\t\t\t\t\t<\/div>\n\t\t\t\t\t\t\t\t<div class=\"elementor-field-type-textarea elementor-field-group elementor-column elementor-field-group-message elementor-col-100 elementor-field-required\">\n\t\t\t\t\t\t\t\t\t\t\t\t<label for=\"form-field-message\" class=\"elementor-field-label elementor-screen-only\">\n\t\t\t\t\t\t\t\tmessage\t\t\t\t\t\t\t<\/label>\n\t\t\t\t\t\t<textarea class=\"elementor-field-textual elementor-field  elementor-size-sm\" name=\"form_fields[message]\" id=\"form-field-message\" rows=\"6\" placeholder=\"Mensaje*\" required=\"required\"><\/textarea>\t\t\t\t<\/div>\n\t\t\t\t\t\t\t\t<div class=\"elementor-field-type-recaptcha_v3 elementor-field-group elementor-column elementor-field-group-field_ebd5880 elementor-col-100 recaptcha_v3-inline\">\n\t\t\t\t\t<div class=\"elementor-field\" id=\"form-field-field_ebd5880\"><div class=\"elementor-g-recaptcha\" data-sitekey=\"6LeicJcjAAAAADSto8nnwF9QBwY2r7jMoIjEdOxo\" data-type=\"v3\" data-action=\"Form\" data-badge=\"inline\" data-size=\"invisible\"><\/div><\/div>\t\t\t\t<\/div>\n\t\t\t\t\t\t\t\t<div class=\"elementor-field-type-acceptance elementor-field-group elementor-column elementor-field-group-field_820ca58 elementor-col-100 elementor-field-required\">\n\t\t\t\t\t\t\t\t\t\t\t\t<label for=\"form-field-field_820ca58\" class=\"elementor-field-label elementor-screen-only\">\n\t\t\t\t\t\t\t\taccept\t\t\t\t\t\t\t<\/label>\n\t\t\t\t\t\t\t\t<div class=\"elementor-field-subgroup\">\n\t\t\t<span class=\"elementor-field-option\">\n\t\t\t\t<input type=\"checkbox\" name=\"form_fields[field_820ca58]\" id=\"form-field-field_820ca58\" class=\"elementor-field elementor-size-sm  elementor-acceptance-field\" required=\"required\">\n\t\t\t\t<label for=\"form-field-field_820ca58\">Acepto la <a href=\"https:\/\/manter.com\/privacy-policy\/\"><u>pol\u00edtica de privacidad<\/u><\/a>.<\/label>\t\t\t<\/span>\n\t\t<\/div>\n\t\t\t\t\t\t<\/div>\n\t\t\t\t\t\t\t\t<div class=\"elementor-field-group elementor-column elementor-field-type-submit elementor-col-100 e-form__buttons\">\n\t\t\t\t\t<button class=\"elementor-button elementor-size-sm\" type=\"submit\" id=\"22\">\n\t\t\t\t\t\t<span class=\"elementor-button-content-wrapper\">\n\t\t\t\t\t\t\t\t\t\t\t\t\t\t\t\t\t\t\t\t\t\t<span class=\"elementor-button-text\">Enviar<\/span>\n\t\t\t\t\t\t\t\t\t\t\t\t\t<\/span>\n\t\t\t\t\t<\/button>\n\t\t\t\t<\/div>\n\t\t\t<\/div>\n\t\t<\/form>\n\t\t\t\t\t\t<\/div>\n\t\t\t\t<\/div>\n\t\t\t\t\t<\/div>\n\t\t<\/div>\n\t\t\t\t\t<\/div>\n\t\t<\/section>\n\t\t\t\t<\/div>\n\t\t","protected":false},"excerpt":{"rendered":"<p>Manter trabaja con una red global de socios comerciales y equipos de servicio con amplia experiencia. En m\u00e1s de 30 pa\u00edses, est\u00e1n preparados para asesorarle, ofrecerle soporte y garantizar un servicio fiable. A trav\u00e9s de esta p\u00e1gina, puede encontrar f\u00e1cilmente el distribuidor Manter m\u00e1s cercano. ConcesionarioManter Aanvraagformulier<\/p>\n","protected":false},"author":3,"featured_media":0,"parent":0,"menu_order":0,"comment_status":"closed","ping_status":"closed","template":"","meta":{"_acf_changed":false,"inline_featured_image":false,"footnotes":""},"class_list":["post-42178","page","type-page","status-publish","hentry"],"acf":[],"yoast_head":"<!-- This site is optimized with the Yoast SEO plugin v27.3 - https:\/\/yoast.com\/product\/yoast-seo-wordpress\/ -->\n<title>Nuestros distribuidores - Manter<\/title>\n<meta name=\"robots\" content=\"index, follow, max-snippet:-1, max-image-preview:large, max-video-preview:-1\" \/>\n<link rel=\"canonical\" href=\"https:\/\/manter.com\/es\/distribuidores\/\" \/>\n<meta property=\"og:locale\" content=\"es_ES\" \/>\n<meta property=\"og:type\" content=\"article\" \/>\n<meta property=\"og:title\" content=\"Nuestros distribuidores - Manter\" \/>\n<meta property=\"og:description\" content=\"Manter trabaja con una red global de socios comerciales y equipos de servicio con amplia experiencia. En m\u00e1s de 30 pa\u00edses, est\u00e1n preparados para asesorarle, ofrecerle soporte y garantizar un servicio fiable. A trav\u00e9s de esta p\u00e1gina, puede encontrar f\u00e1cilmente el distribuidor Manter m\u00e1s cercano. ConcesionarioManter Aanvraagformulier\" \/>\n<meta property=\"og:url\" content=\"https:\/\/manter.com\/es\/distribuidores\/\" \/>\n<meta property=\"og:site_name\" content=\"Manter\" \/>\n<meta property=\"article:publisher\" content=\"https:\/\/www.facebook.com\/Manterweighingandpacking\" \/>\n<meta property=\"article:modified_time\" content=\"2026-01-15T13:02:03+00:00\" \/>\n<meta name=\"twitter:card\" content=\"summary_large_image\" \/>\n<meta name=\"twitter:label1\" content=\"Tiempo de lectura\" \/>\n\t<meta name=\"twitter:data1\" content=\"1 minuto\" \/>\n<script type=\"application\/ld+json\" class=\"yoast-schema-graph\">{\"@context\":\"https:\\\/\\\/schema.org\",\"@graph\":[{\"@type\":\"WebPage\",\"@id\":\"https:\\\/\\\/manter.com\\\/es\\\/distribuidores\\\/\",\"url\":\"https:\\\/\\\/manter.com\\\/es\\\/distribuidores\\\/\",\"name\":\"Nuestros distribuidores - Manter\",\"isPartOf\":{\"@id\":\"https:\\\/\\\/manter.com\\\/#website\"},\"datePublished\":\"2025-07-23T06:28:44+00:00\",\"dateModified\":\"2026-01-15T13:02:03+00:00\",\"breadcrumb\":{\"@id\":\"https:\\\/\\\/manter.com\\\/es\\\/distribuidores\\\/#breadcrumb\"},\"inLanguage\":\"es\",\"potentialAction\":[{\"@type\":\"ReadAction\",\"target\":[\"https:\\\/\\\/manter.com\\\/es\\\/distribuidores\\\/\"]}]},{\"@type\":\"BreadcrumbList\",\"@id\":\"https:\\\/\\\/manter.com\\\/es\\\/distribuidores\\\/#breadcrumb\",\"itemListElement\":[{\"@type\":\"ListItem\",\"position\":1,\"name\":\"Home\",\"item\":\"https:\\\/\\\/manter.com\\\/nl\\\/\"},{\"@type\":\"ListItem\",\"position\":2,\"name\":\"Nuestros distribuidores\"}]},{\"@type\":\"WebSite\",\"@id\":\"https:\\\/\\\/manter.com\\\/#website\",\"url\":\"https:\\\/\\\/manter.com\\\/\",\"name\":\"Manter\",\"description\":\"Weighing &amp; Packaging Equipment\",\"publisher\":{\"@id\":\"https:\\\/\\\/manter.com\\\/#organization\"},\"potentialAction\":[{\"@type\":\"SearchAction\",\"target\":{\"@type\":\"EntryPoint\",\"urlTemplate\":\"https:\\\/\\\/manter.com\\\/?s={search_term_string}\"},\"query-input\":{\"@type\":\"PropertyValueSpecification\",\"valueRequired\":true,\"valueName\":\"search_term_string\"}}],\"inLanguage\":\"es\"},{\"@type\":\"Organization\",\"@id\":\"https:\\\/\\\/manter.com\\\/#organization\",\"name\":\"Manter\",\"url\":\"https:\\\/\\\/manter.com\\\/\",\"logo\":{\"@type\":\"ImageObject\",\"inLanguage\":\"es\",\"@id\":\"https:\\\/\\\/manter.com\\\/#\\\/schema\\\/logo\\\/image\\\/\",\"url\":\"https:\\\/\\\/manter.com\\\/wp-content\\\/uploads\\\/2022\\\/04\\\/Logo-Manter-wit.svg\",\"contentUrl\":\"https:\\\/\\\/manter.com\\\/wp-content\\\/uploads\\\/2022\\\/04\\\/Logo-Manter-wit.svg\",\"width\":363,\"height\":77,\"caption\":\"Manter\"},\"image\":{\"@id\":\"https:\\\/\\\/manter.com\\\/#\\\/schema\\\/logo\\\/image\\\/\"},\"sameAs\":[\"https:\\\/\\\/www.facebook.com\\\/Manterweighingandpacking\",\"https:\\\/\\\/www.youtube.com\\\/c\\\/ManterInternationalBV\",\"https:\\\/\\\/www.linkedin.com\\\/company\\\/manter-international-bv\\\/mycompany\\\/\",\"https:\\\/\\\/www.instagram.com\\\/manterinternational\\\/\"]}]}<\/script>\n<!-- \/ Yoast SEO plugin. -->","yoast_head_json":{"title":"Nuestros distribuidores - Manter","robots":{"index":"index","follow":"follow","max-snippet":"max-snippet:-1","max-image-preview":"max-image-preview:large","max-video-preview":"max-video-preview:-1"},"canonical":"https:\/\/manter.com\/es\/distribuidores\/","og_locale":"es_ES","og_type":"article","og_title":"Nuestros distribuidores - Manter","og_description":"Manter trabaja con una red global de socios comerciales y equipos de servicio con amplia experiencia. En m\u00e1s de 30 pa\u00edses, est\u00e1n preparados para asesorarle, ofrecerle soporte y garantizar un servicio fiable. A trav\u00e9s de esta p\u00e1gina, puede encontrar f\u00e1cilmente el distribuidor Manter m\u00e1s cercano. ConcesionarioManter Aanvraagformulier","og_url":"https:\/\/manter.com\/es\/distribuidores\/","og_site_name":"Manter","article_publisher":"https:\/\/www.facebook.com\/Manterweighingandpacking","article_modified_time":"2026-01-15T13:02:03+00:00","twitter_card":"summary_large_image","twitter_misc":{"Tiempo de lectura":"1 minuto"},"schema":{"@context":"https:\/\/schema.org","@graph":[{"@type":"WebPage","@id":"https:\/\/manter.com\/es\/distribuidores\/","url":"https:\/\/manter.com\/es\/distribuidores\/","name":"Nuestros distribuidores - Manter","isPartOf":{"@id":"https:\/\/manter.com\/#website"},"datePublished":"2025-07-23T06:28:44+00:00","dateModified":"2026-01-15T13:02:03+00:00","breadcrumb":{"@id":"https:\/\/manter.com\/es\/distribuidores\/#breadcrumb"},"inLanguage":"es","potentialAction":[{"@type":"ReadAction","target":["https:\/\/manter.com\/es\/distribuidores\/"]}]},{"@type":"BreadcrumbList","@id":"https:\/\/manter.com\/es\/distribuidores\/#breadcrumb","itemListElement":[{"@type":"ListItem","position":1,"name":"Home","item":"https:\/\/manter.com\/nl\/"},{"@type":"ListItem","position":2,"name":"Nuestros distribuidores"}]},{"@type":"WebSite","@id":"https:\/\/manter.com\/#website","url":"https:\/\/manter.com\/","name":"Manter","description":"Weighing &amp; Packaging Equipment","publisher":{"@id":"https:\/\/manter.com\/#organization"},"potentialAction":[{"@type":"SearchAction","target":{"@type":"EntryPoint","urlTemplate":"https:\/\/manter.com\/?s={search_term_string}"},"query-input":{"@type":"PropertyValueSpecification","valueRequired":true,"valueName":"search_term_string"}}],"inLanguage":"es"},{"@type":"Organization","@id":"https:\/\/manter.com\/#organization","name":"Manter","url":"https:\/\/manter.com\/","logo":{"@type":"ImageObject","inLanguage":"es","@id":"https:\/\/manter.com\/#\/schema\/logo\/image\/","url":"https:\/\/manter.com\/wp-content\/uploads\/2022\/04\/Logo-Manter-wit.svg","contentUrl":"https:\/\/manter.com\/wp-content\/uploads\/2022\/04\/Logo-Manter-wit.svg","width":363,"height":77,"caption":"Manter"},"image":{"@id":"https:\/\/manter.com\/#\/schema\/logo\/image\/"},"sameAs":["https:\/\/www.facebook.com\/Manterweighingandpacking","https:\/\/www.youtube.com\/c\/ManterInternationalBV","https:\/\/www.linkedin.com\/company\/manter-international-bv\/mycompany\/","https:\/\/www.instagram.com\/manterinternational\/"]}]}},"_links":{"self":[{"href":"https:\/\/manter.com\/es\/wp-json\/wp\/v2\/pages\/42178","targetHints":{"allow":["GET"]}}],"collection":[{"href":"https:\/\/manter.com\/es\/wp-json\/wp\/v2\/pages"}],"about":[{"href":"https:\/\/manter.com\/es\/wp-json\/wp\/v2\/types\/page"}],"author":[{"embeddable":true,"href":"https:\/\/manter.com\/es\/wp-json\/wp\/v2\/users\/3"}],"replies":[{"embeddable":true,"href":"https:\/\/manter.com\/es\/wp-json\/wp\/v2\/comments?post=42178"}],"version-history":[{"count":5,"href":"https:\/\/manter.com\/es\/wp-json\/wp\/v2\/pages\/42178\/revisions"}],"predecessor-version":[{"id":44073,"href":"https:\/\/manter.com\/es\/wp-json\/wp\/v2\/pages\/42178\/revisions\/44073"}],"wp:attachment":[{"href":"https:\/\/manter.com\/es\/wp-json\/wp\/v2\/media?parent=42178"}],"curies":[{"name":"wp","href":"https:\/\/api.w.org\/{rel}","templated":true}]}}